{"id":43,"date":"2024-10-28T16:08:05","date_gmt":"2024-10-28T15:08:05","guid":{"rendered":"http:\/\/serwer310228.lh.pl\/autoinstalator\/serwer310228.lh.pl\/wordpress90157\/?page_id=43"},"modified":"2024-10-29T12:01:32","modified_gmt":"2024-10-29T11:01:32","slug":"suszarnie-przemyslowe","status":"publish","type":"page","link":"https:\/\/gobest.com.pl\/index.php\/suszarnie-przemyslowe\/","title":{"rendered":"Suszarnie przemys\u0142owe"},"content":{"rendered":"\t\t<div data-elementor-type=\"wp-page\" data-elementor-id=\"43\" class=\"elementor elementor-43\">\n\t\t\t\t<div class=\"elementor-element elementor-element-aea1199 e-flex e-con-boxed e-con e-parent\" data-id=\"aea1199\" data-element_type=\"container\">\n\t\t\t\t\t<div class=\"e-con-inner\">\n\t\t\t\t<div class=\"elementor-element elementor-element-24bef80 elementor-widget elementor-widget-text-editor\" data-id=\"24bef80\" data-element_type=\"widget\" data-widget_type=\"text-editor.default\">\n\t\t\t\t<div class=\"elementor-widget-container\">\n\t\t\t\t\t\t\t<p>Dostarczamy suszarnie przemys\u0142owe dopasowane funkcjonalnie i gabarytowo pod indywidualne wymagania Klienta. W zale\u017cno\u015bci od suszonego materia\u0142u mo\u017cliwe parametry technologiczne s\u0105 projektowane tak, by zapewni\u0107 wysok\u0105 energooszcz\u0119dno\u015b\u0107 i niezawodno\u015b\u0107 proces\u00f3w. Cykl suszenia jest w pe\u0142ni zautomatyzowany z mo\u017cliwo\u015bci\u0105 programowania r\u00f3\u017cnych tryb\u00f3w w zale\u017cno\u015bci od rodzaju wsadu. Posiadamy do\u015bwiadczenie w przemy\u015ble spo\u017cywczym w wykonywaniu urz\u0105dze\u0144 do suszenia m.in.: makaron\u00f3w, owoc\u00f3w, warzyw, herbaty granulowanej.<br \/><br \/><b>Oferujemy:<\/b><\/p><ul id=\"selector03\" class=\"ulTxt\"><li class=\"\">Suszarnie w\u00f3zkowe typu UZ<\/li><li class=\"\">Suszarnie ta\u015bmowe, wielopoziomowe<\/li><li class=\"\">Suszarnie tunelowe<\/li><li class=\"\">Suszarnie wibracyjne Trabatto<\/li><\/ul>\t\t\t\t\t\t<\/div>\n\t\t\t\t<\/div>\n\t\t\t\t\t<\/div>\n\t\t\t\t<\/div>\n\t\t\t\t<\/div>\n\t\t","protected":false},"excerpt":{"rendered":"<p>Dostarczamy suszarnie przemys\u0142owe dopasowane funkcjonalnie i gabarytowo pod indywidualne wymagania Klienta. W zale\u017cno\u015bci od suszonego materia\u0142u mo\u017cliwe parametry technologiczne s\u0105 projektowane tak, by zapewni\u0107 wysok\u0105 energooszcz\u0119dno\u015b\u0107 i niezawodno\u015b\u0107 proces\u00f3w. Cykl suszenia jest w pe\u0142ni zautomatyzowany z mo\u017cliwo\u015bci\u0105 programowania r\u00f3\u017cnych tryb\u00f3w w zale\u017cno\u015bci od rodzaju wsadu. Posiadamy do\u015bwiadczenie w przemy\u015ble spo\u017cywczym w wykonywaniu urz\u0105dze\u0144 do suszenia [&hellip;]<\/p>\n","protected":false},"author":1,"featured_media":0,"parent":0,"menu_order":0,"comment_status":"closed","ping_status":"closed","template":"","meta":{"footnotes":""},"class_list":["post-43","page","type-page","status-publish","hentry"],"_links":{"self":[{"href":"https:\/\/gobest.com.pl\/index.php\/wp-json\/wp\/v2\/pages\/43","targetHints":{"allow":["GET"]}}],"collection":[{"href":"https:\/\/gobest.com.pl\/index.php\/wp-json\/wp\/v2\/pages"}],"about":[{"href":"https:\/\/gobest.com.pl\/index.php\/wp-json\/wp\/v2\/types\/page"}],"author":[{"embeddable":true,"href":"https:\/\/gobest.com.pl\/index.php\/wp-json\/wp\/v2\/users\/1"}],"replies":[{"embeddable":true,"href":"https:\/\/gobest.com.pl\/index.php\/wp-json\/wp\/v2\/comments?post=43"}],"version-history":[{"count":4,"href":"https:\/\/gobest.com.pl\/index.php\/wp-json\/wp\/v2\/pages\/43\/revisions"}],"predecessor-version":[{"id":105,"href":"https:\/\/gobest.com.pl\/index.php\/wp-json\/wp\/v2\/pages\/43\/revisions\/105"}],"wp:attachment":[{"href":"https:\/\/gobest.com.pl\/index.php\/wp-json\/wp\/v2\/media?parent=43"}],"curies":[{"name":"wp","href":"https:\/\/api.w.org\/{rel}","templated":true}]}}