{"id":42,"date":"2024-10-28T16:08:05","date_gmt":"2024-10-28T15:08:05","guid":{"rendered":"http:\/\/serwer310228.lh.pl\/autoinstalator\/serwer310228.lh.pl\/wordpress90157\/?page_id=42"},"modified":"2024-10-29T12:00:32","modified_gmt":"2024-10-29T11:00:32","slug":"systemy-transportu","status":"publish","type":"page","link":"https:\/\/gobest.com.pl\/index.php\/systemy-transportu\/","title":{"rendered":"Systemy transportu"},"content":{"rendered":"\t\t<div data-elementor-type=\"wp-page\" data-elementor-id=\"42\" class=\"elementor elementor-42\">\n\t\t\t\t<div class=\"elementor-element elementor-element-9c96e5f e-flex e-con-boxed e-con e-parent\" data-id=\"9c96e5f\" data-element_type=\"container\">\n\t\t\t\t\t<div class=\"e-con-inner\">\n\t\t\t\t<div class=\"elementor-element elementor-element-74e1528 elementor-widget elementor-widget-text-editor\" data-id=\"74e1528\" data-element_type=\"widget\" data-widget_type=\"text-editor.default\">\n\t\t\t\t<div class=\"elementor-widget-container\">\n\t\t\t\t\t\t\t<p>Systemy transportu s\u0105 kluczow\u0105 cz\u0119\u015bci\u0105 ka\u017cdego przedsi\u0119biorstwa. \u0141\u0105cz\u0105 ze sob\u0105 poszczeg\u00f3lne modu\u0142y linii produkcyjnej, prowadz\u0105c wyr\u00f3b przez kolejne procesy technologiczne, zarz\u0105dzaj\u0105 przep\u0142ywem surowc\u00f3w i transportuj\u0105 gotowe artyku\u0142y w przestrzeni magazynowej. Dobrze zaprojektowany system przyczynia si\u0119 do usprawnienia proces\u00f3w produkcyjnych i ograniczenia ich koszt\u00f3w i czasu, pozwala nadzorowa\u0107 procesy i poprawia bezpiecze\u0144stwo w zak\u0142adzie pracy. Bez nich nie mo\u017cna by\u0142oby m\u00f3wi\u0107 o automatyzacji linii technologicznych. W z\u0142o\u017conych procesach produkcyjnych istotnym jest nie tylko dobranie odpowiedniego \u015brodka transportu, ale r\u00f3wnie\u017c zapewnienie jak najwi\u0119kszej ergonomii i efektywno\u015bci ca\u0142ego procesu.<br \/><br \/>W ramach pe\u0142nionych przez nas us\u0142ug dostarczamy nie tylko wykonane przez nas \u015brodki transportu, ale tak\u017ce skuteczne i sprawdzone rozwi\u0105zania usprawniaj\u0105ce p\u0142ynno\u015b\u0107 przep\u0142ywu produkt\u00f3w na linii technologicznej. To dzi\u0119ki wieloletniemu do\u015bwiadczeniu, i wszechstronno\u015bci w wykonywaniu projekt\u00f3w, nasi specjali\u015bci s\u0105 w stanie zintegrowa\u0107 elementy linii produkcyjnej w taki spos\u00f3b, by sprosta\u0107 najbardziej wymagaj\u0105cym projektom, przyczyniaj\u0105c si\u0119 do zwi\u0119kszenia wydajno\u015bci produkcji w zak\u0142adzie Kontrahenta.<br \/><br \/><b>W celu osi\u0105gni\u0119cia najlepszych wynik\u00f3w korzystamy z:<\/b><\/p><ul id=\"selector03\" class=\"ulTxt\"><li class=\"\">Przeno\u015bnik\u00f3w ta\u015bmowych prostych i sko\u015bnych<\/li><li class=\"\">Ta\u015bmoci\u0105g\u00f3w \u0142a\u0144cuchowych<\/li><li class=\"\">Ta\u015bmoci\u0105g\u00f3w rolkowych<\/li><li class=\"\">Ta\u015bmoci\u0105g\u00f3w paskowych<\/li><li class=\"\">Ta\u015bmoci\u0105g\u00f3w \u015blimakowych (z mo\u017cliwo\u015bci\u0105 wielu wst\u0119g)<\/li><li class=\"\">Stacji BIG-BAG<\/li><li class=\"\">i wielu innych<\/li><\/ul>\t\t\t\t\t\t<\/div>\n\t\t\t\t<\/div>\n\t\t\t\t\t<\/div>\n\t\t\t\t<\/div>\n\t\t\t\t<\/div>\n\t\t","protected":false},"excerpt":{"rendered":"<p>Systemy transportu s\u0105 kluczow\u0105 cz\u0119\u015bci\u0105 ka\u017cdego przedsi\u0119biorstwa. \u0141\u0105cz\u0105 ze sob\u0105 poszczeg\u00f3lne modu\u0142y linii produkcyjnej, prowadz\u0105c wyr\u00f3b przez kolejne procesy technologiczne, zarz\u0105dzaj\u0105 przep\u0142ywem surowc\u00f3w i transportuj\u0105 gotowe artyku\u0142y w przestrzeni magazynowej. Dobrze zaprojektowany system przyczynia si\u0119 do usprawnienia proces\u00f3w produkcyjnych i ograniczenia ich koszt\u00f3w i czasu, pozwala nadzorowa\u0107 procesy i poprawia bezpiecze\u0144stwo w zak\u0142adzie pracy. Bez [&hellip;]<\/p>\n","protected":false},"author":1,"featured_media":0,"parent":0,"menu_order":0,"comment_status":"closed","ping_status":"closed","template":"","meta":{"footnotes":""},"class_list":["post-42","page","type-page","status-publish","hentry"],"_links":{"self":[{"href":"https:\/\/gobest.com.pl\/index.php\/wp-json\/wp\/v2\/pages\/42","targetHints":{"allow":["GET"]}}],"collection":[{"href":"https:\/\/gobest.com.pl\/index.php\/wp-json\/wp\/v2\/pages"}],"about":[{"href":"https:\/\/gobest.com.pl\/index.php\/wp-json\/wp\/v2\/types\/page"}],"author":[{"embeddable":true,"href":"https:\/\/gobest.com.pl\/index.php\/wp-json\/wp\/v2\/users\/1"}],"replies":[{"embeddable":true,"href":"https:\/\/gobest.com.pl\/index.php\/wp-json\/wp\/v2\/comments?post=42"}],"version-history":[{"count":4,"href":"https:\/\/gobest.com.pl\/index.php\/wp-json\/wp\/v2\/pages\/42\/revisions"}],"predecessor-version":[{"id":102,"href":"https:\/\/gobest.com.pl\/index.php\/wp-json\/wp\/v2\/pages\/42\/revisions\/102"}],"wp:attachment":[{"href":"https:\/\/gobest.com.pl\/index.php\/wp-json\/wp\/v2\/media?parent=42"}],"curies":[{"name":"wp","href":"https:\/\/api.w.org\/{rel}","templated":true}]}}