{"id":39,"date":"2024-10-28T16:08:05","date_gmt":"2024-10-28T15:08:05","guid":{"rendered":"http:\/\/serwer310228.lh.pl\/autoinstalator\/serwer310228.lh.pl\/wordpress90157\/?page_id=39"},"modified":"2024-10-29T11:57:21","modified_gmt":"2024-10-29T10:57:21","slug":"automatyka","status":"publish","type":"page","link":"https:\/\/gobest.com.pl\/index.php\/automatyka\/","title":{"rendered":"Automatyka"},"content":{"rendered":"\t\t<div data-elementor-type=\"wp-page\" data-elementor-id=\"39\" class=\"elementor elementor-39\">\n\t\t\t\t<div class=\"elementor-element elementor-element-9726efd e-flex e-con-boxed e-con e-parent\" data-id=\"9726efd\" data-element_type=\"container\">\n\t\t\t\t\t<div class=\"e-con-inner\">\n\t\t\t\t<div class=\"elementor-element elementor-element-3dc24e7 elementor-widget elementor-widget-text-editor\" data-id=\"3dc24e7\" data-element_type=\"widget\" data-widget_type=\"text-editor.default\">\n\t\t\t\t<div class=\"elementor-widget-container\">\n\t\t\t\t\t\t\t<p>Wsp\u00f3\u0142czesne linie technologiczne w pe\u0142ni zawdzi\u0119czaj\u0105 swoj\u0105 efektywno\u015b\u0107 automatyce, kt\u00f3ra bezpo\u015brednio przek\u0142ada si\u0119 na zwi\u0119kszenie wydajno\u015bci produkcji. Tylko dzi\u0119ki pe\u0142nemu zautomatyzowaniu mo\u017cliwym do osi\u0105gni\u0119cia s\u0105 powtarzalno\u015b\u0107 proces\u00f3w i sta\u0142a kontrola jako\u015bci wyrob\u00f3w. Wiedz\u0105c to i znaj\u0105c poziom skomplikowania wytwarzanych przez nas maszyn i linii produkcyjnych jeste\u015bmy \u015bwiadomi tego, jak bardzo istotnym jest stworzenie odpowiedniego uk\u0142adu steruj\u0105cego, pozwalaj\u0105cego na monitorowanie i bezawaryjn\u0105 prac\u0119 poszczeg\u00f3lnych modu\u0142\u00f3w. Dzi\u0119ki naszemu wieloletniemu do\u015bwiadczeniu w bran\u017cy jeste\u015bmy w stanie dostarczy\u0107 Pa\u0144stwu najlepsze rozwi\u0105zania dostosowane do specyficznych wymog\u00f3w Klienta.<br \/><br \/><b>W zakresie \u015bwiadczonych przez nas us\u0142ug znajd\u0105 Pa\u0144stwo:<\/b><\/p><ul id=\"selector03\" class=\"ulTxt\"><li class=\"\">Projektowanie i wykonawstwo system\u00f3w automatyki<\/li><li class=\"\">Projektowanie i wykonawstwo szaf sterowniczych<\/li><li class=\"\">Projektowanie i wdra\u017canie system\u00f3w MES<\/li><li class=\"\">Programowanie sterownik\u00f3w PLC<\/li><li class=\"\">Budowa stanowisk automatyzacji produkcji<\/li><li class=\"\">Wizualizacja procesu produkcyjnego<\/li><li class=\"\">Integracja system\u00f3w sterowania r\u00f3\u017cnych producent\u00f3w<\/li><li class=\"\">Monta\u017c i rozruch linii technologicznych<\/li><li class=\"\">Podwykonawstwo system\u00f3w automatycznych<\/li><li class=\"\">Konsultacje z zakresu automatyki<\/li><\/ul><p><br \/>Wykonywane przez nas szafy sterownicze wykonywane s\u0105 z szerokiego wachlarzu materia\u0142\u00f3w tak, by dopasowa\u0107 si\u0119 do potrzeb Klienta i zapewni\u0107 trwa\u0142o\u015b\u0107 urz\u0105dzenia przy ka\u017cdych warunkach eksploatacji. Dostarczamy sprawdzone i kompleksowe rozwi\u0105zania, spe\u0142niaj\u0105ce niezb\u0119dne normy i standardy, cho\u0107by dzia\u0142u utrzymania ruchu. Nasza wykwalifikowana kadra czuwa nad tym, by wszystkie projektowane przez nas systemy sterowania maszyn realizowa\u0142y zadane funkcje i mia\u0142y odpowiednie uk\u0142ady bezpiecze\u0144stwa, spe\u0142niaj\u0105ce wymogi norm zharmonizowanych.<br \/><br \/><b>Korzystamy z podzespo\u0142\u00f3w i sterownik\u00f3w takich firm jak:<\/b><\/p><ul id=\"selector13\" class=\"ulTxt\"><li class=\"\">Siemens<\/li><li class=\"\">B&amp;R<\/li><li class=\"\">Mitsubishi Electric<\/li><li class=\"\">Lenze<\/li><li class=\"\">Beckhoff<\/li><\/ul><div class=\"clearfix\">\u00a0<\/div><div class=\"text-left my-4\"><img decoding=\"async\" class=\"imgLogotypy\" src=\"http:\/\/gobest.com.pl\/images\/slider\/5ecceee57e5ad.jpg\" \/><img decoding=\"async\" class=\"imgLogotypy\" src=\"http:\/\/gobest.com.pl\/images\/slider\/5ece60e876120.jpg\" \/><img decoding=\"async\" class=\"imgLogotypy\" src=\"http:\/\/gobest.com.pl\/images\/slider\/5ecceee57de42.jpg\" \/><img decoding=\"async\" class=\"imgLogotypy\" src=\"http:\/\/gobest.com.pl\/images\/slider\/5ecceee57e8dd.jpg\" \/><img decoding=\"async\" class=\"imgLogotypy\" src=\"http:\/\/gobest.com.pl\/images\/slider\/5ede3a5b44552.jpg\" \/><\/div>\t\t\t\t\t\t<\/div>\n\t\t\t\t<\/div>\n\t\t\t\t\t<\/div>\n\t\t\t\t<\/div>\n\t\t\t\t<\/div>\n\t\t","protected":false},"excerpt":{"rendered":"<p>Wsp\u00f3\u0142czesne linie technologiczne w pe\u0142ni zawdzi\u0119czaj\u0105 swoj\u0105 efektywno\u015b\u0107 automatyce, kt\u00f3ra bezpo\u015brednio przek\u0142ada si\u0119 na zwi\u0119kszenie wydajno\u015bci produkcji. Tylko dzi\u0119ki pe\u0142nemu zautomatyzowaniu mo\u017cliwym do osi\u0105gni\u0119cia s\u0105 powtarzalno\u015b\u0107 proces\u00f3w i sta\u0142a kontrola jako\u015bci wyrob\u00f3w. Wiedz\u0105c to i znaj\u0105c poziom skomplikowania wytwarzanych przez nas maszyn i linii produkcyjnych jeste\u015bmy \u015bwiadomi tego, jak bardzo istotnym jest stworzenie odpowiedniego uk\u0142adu [&hellip;]<\/p>\n","protected":false},"author":1,"featured_media":0,"parent":0,"menu_order":0,"comment_status":"closed","ping_status":"closed","template":"","meta":{"footnotes":""},"class_list":["post-39","page","type-page","status-publish","hentry"],"_links":{"self":[{"href":"https:\/\/gobest.com.pl\/index.php\/wp-json\/wp\/v2\/pages\/39","targetHints":{"allow":["GET"]}}],"collection":[{"href":"https:\/\/gobest.com.pl\/index.php\/wp-json\/wp\/v2\/pages"}],"about":[{"href":"https:\/\/gobest.com.pl\/index.php\/wp-json\/wp\/v2\/types\/page"}],"author":[{"embeddable":true,"href":"https:\/\/gobest.com.pl\/index.php\/wp-json\/wp\/v2\/users\/1"}],"replies":[{"embeddable":true,"href":"https:\/\/gobest.com.pl\/index.php\/wp-json\/wp\/v2\/comments?post=39"}],"version-history":[{"count":4,"href":"https:\/\/gobest.com.pl\/index.php\/wp-json\/wp\/v2\/pages\/39\/revisions"}],"predecessor-version":[{"id":96,"href":"https:\/\/gobest.com.pl\/index.php\/wp-json\/wp\/v2\/pages\/39\/revisions\/96"}],"wp:attachment":[{"href":"https:\/\/gobest.com.pl\/index.php\/wp-json\/wp\/v2\/media?parent=39"}],"curies":[{"name":"wp","href":"https:\/\/api.w.org\/{rel}","templated":true}]}}