{"id":38,"date":"2024-10-28T16:08:05","date_gmt":"2024-10-28T15:08:05","guid":{"rendered":"http:\/\/serwer310228.lh.pl\/autoinstalator\/serwer310228.lh.pl\/wordpress90157\/?page_id=38"},"modified":"2024-10-29T11:56:06","modified_gmt":"2024-10-29T10:56:06","slug":"projektowanie-2","status":"publish","type":"page","link":"https:\/\/gobest.com.pl\/index.php\/projektowanie-2\/","title":{"rendered":"Projektowanie"},"content":{"rendered":"\t\t<div data-elementor-type=\"wp-page\" data-elementor-id=\"38\" class=\"elementor elementor-38\">\n\t\t\t\t<div class=\"elementor-element elementor-element-5ae4ddc e-flex e-con-boxed e-con e-parent\" data-id=\"5ae4ddc\" data-element_type=\"container\">\n\t\t\t\t\t<div class=\"e-con-inner\">\n\t\t\t\t<div class=\"elementor-element elementor-element-73e7764 elementor-widget elementor-widget-text-editor\" data-id=\"73e7764\" data-element_type=\"widget\" data-widget_type=\"text-editor.default\">\n\t\t\t\t<div class=\"elementor-widget-container\">\n\t\t\t\t\t\t\t<p>Praca nad budow\u0105 maszyny na indywidualne zam\u00f3wienie rozpoczyna si\u0119 w naszym biurze konstrukcyjnym. Projektowanie jest pierwszym i zarazem najistotniejszym etapem ka\u017cdego przedsi\u0119wzi\u0119cia. W naszych dzia\u0142aniach kierujemy si\u0119 schematem, kt\u00f3ry wypracowali\u015bmy przez lata obecno\u015bci na rynku i wdra\u017canie rozmaitych projekt\u00f3w. Takie podej\u015bcie pozwala nam zachowa\u0107 wysok\u0105 efektywno\u015b\u0107 i skuteczno\u015b\u0107 naszej pracy tak, by m\u00f3c \u015bwiadczy\u0107 Pa\u0144stwu us\u0142ugi o najwy\u017cszej jako\u015bci. Do ka\u017cdego zlecenia podchodzimy w spos\u00f3b indywidualny. Wsp\u00f3lnie z Klientem definiujemy za\u0142o\u017cenia projektowe, kt\u00f3re \u2013 w p\u00f3\u017aniejszym etapie prac \u2013 realizujemy w \u015bcis\u0142ej wsp\u00f3\u0142pracy z naszymi Partnerami.<\/p>\n<p>Dobry kontakt z Klientem jest dla nas priorytetem. Nieodzownym elementem naszej wsp\u00f3\u0142pracy jest organizowanie okresowych spotka\u0144 i wideokonferencji, na kt\u00f3rych omawiane s\u0105 post\u0119py prac nad projektem, oraz wszystkie szczeg\u00f3\u0142y realizowanych zam\u00f3wie\u0144. Takie nastawienie sprawia, \u017ce ka\u017cdy Kontrahent ma realny wp\u0142yw na efekt ko\u0144cowy inwestycji i otrzymuje produkt w pe\u0142ni dostosowany nawet do najbardziej wyg\u00f3rowanych oczekiwa\u0144.<\/p>\n<p><b>Oferujemy:<\/b><\/p>\n<ul id=\"selector03\" class=\"ulTxt\">\n<li class=\"\">Opracowanie projekt\u00f3w maszyn i linii produkcyjnych\n<ul>\n<li class=\"\">&nbsp;<\/li>\n<li class=\"\">Koncepcja i wyb\u00f3r optymalnego rozwi\u0105zania<\/li>\n<li class=\"\">Opracowanie projektu technicznego<\/li>\n<li class=\"\">Wirtualne prototypowanie<\/li>\n<li class=\"\">Dob\u00f3r poszczeg\u00f3lnych komponent\u00f3w (nap\u0119dy, czujniki, elementy pneumatyki)<\/li>\n<\/ul>\n<\/li>\n<li class=\"\">Sporz\u0105dzanie wizualizacji urz\u0105dze\u0144<\/li>\n<li class=\"\">Przeprowadzanie oblicze\u0144 wytrzyma\u0142o\u015bciowych<\/li>\n<li class=\"\">Konsultacje projektowe<\/li>\n<li class=\"\">Wsparcie techniczne i merytoryczne przy opracowywaniu prototyp\u00f3w<\/li>\n<li class=\"\">Konwersja rysunk\u00f3w 2D do 3D<\/li>\n<li class=\"\">Prowadzenie prac badawczo-rozwojowych<\/li>\n<li class=\"\">Projektowanie proces\u00f3w technologicznych<\/li>\n<\/ul>\n<p>Nasze biuro konstrukcyjne realizuje zar\u00f3wno skomplikowane projekty linii produkcyjnych, ich modernizacj\u0119 i optymalizacj\u0119, jak i projekty maszyn i urz\u0105dze\u0144 przemys\u0142owych oraz ich pojedynczych komponent\u00f3w. Tak szeroki zakres dzia\u0142alno\u015bci jest mo\u017cliwy dzi\u0119ki naszemu wszechstronnemu i wysoko wykwalifikowanemu zespo\u0142owi, kt\u00f3ry jest wyposa\u017cony w profesjonalne zaplecze technologiczne. Specjalizujemy si\u0119 w pracy w \u015brodowiskach takich jak SolidWorks, DraftSight, Inventor, AutoCAD, NX MCD.<\/p><div class=\"text-left my-4\"><img decoding=\"async\" class=\"imgLogotypy\" src=\"http:\/\/gobest.com.pl\/images\/slider\/5ecceb72817bd.jpg\"><img decoding=\"async\" class=\"imgLogotypy\" src=\"http:\/\/gobest.com.pl\/images\/slider\/5ecceb7282464.jpg\"><img decoding=\"async\" class=\"imgLogotypy\" src=\"http:\/\/gobest.com.pl\/images\/slider\/5ecceb72827f2.jpg\"><img decoding=\"async\" class=\"imgLogotypy\" src=\"http:\/\/gobest.com.pl\/images\/slider\/5ecceb7282a67.jpg\"><\/div>\t\t\t\t\t\t<\/div>\n\t\t\t\t<\/div>\n\t\t\t\t\t<\/div>\n\t\t\t\t<\/div>\n\t\t\t\t<\/div>\n\t\t","protected":false},"excerpt":{"rendered":"<p>Praca nad budow\u0105 maszyny na indywidualne zam\u00f3wienie rozpoczyna si\u0119 w naszym biurze konstrukcyjnym. Projektowanie jest pierwszym i zarazem najistotniejszym etapem ka\u017cdego przedsi\u0119wzi\u0119cia. W naszych dzia\u0142aniach kierujemy si\u0119 schematem, kt\u00f3ry wypracowali\u015bmy przez lata obecno\u015bci na rynku i wdra\u017canie rozmaitych projekt\u00f3w. Takie podej\u015bcie pozwala nam zachowa\u0107 wysok\u0105 efektywno\u015b\u0107 i skuteczno\u015b\u0107 naszej pracy tak, by m\u00f3c \u015bwiadczy\u0107 Pa\u0144stwu [&hellip;]<\/p>\n","protected":false},"author":1,"featured_media":0,"parent":0,"menu_order":0,"comment_status":"closed","ping_status":"closed","template":"","meta":{"footnotes":""},"class_list":["post-38","page","type-page","status-publish","hentry"],"_links":{"self":[{"href":"https:\/\/gobest.com.pl\/index.php\/wp-json\/wp\/v2\/pages\/38","targetHints":{"allow":["GET"]}}],"collection":[{"href":"https:\/\/gobest.com.pl\/index.php\/wp-json\/wp\/v2\/pages"}],"about":[{"href":"https:\/\/gobest.com.pl\/index.php\/wp-json\/wp\/v2\/types\/page"}],"author":[{"embeddable":true,"href":"https:\/\/gobest.com.pl\/index.php\/wp-json\/wp\/v2\/users\/1"}],"replies":[{"embeddable":true,"href":"https:\/\/gobest.com.pl\/index.php\/wp-json\/wp\/v2\/comments?post=38"}],"version-history":[{"count":4,"href":"https:\/\/gobest.com.pl\/index.php\/wp-json\/wp\/v2\/pages\/38\/revisions"}],"predecessor-version":[{"id":93,"href":"https:\/\/gobest.com.pl\/index.php\/wp-json\/wp\/v2\/pages\/38\/revisions\/93"}],"wp:attachment":[{"href":"https:\/\/gobest.com.pl\/index.php\/wp-json\/wp\/v2\/media?parent=38"}],"curies":[{"name":"wp","href":"https:\/\/api.w.org\/{rel}","templated":true}]}}